{"id":898,"date":"2025-03-18T23:03:35","date_gmt":"2025-03-18T22:03:35","guid":{"rendered":"https:\/\/zelight.be\/?page_id=898"},"modified":"2025-04-06T11:24:24","modified_gmt":"2025-04-06T09:24:24","slug":"corporate","status":"publish","type":"page","link":"https:\/\/zelight.be\/index.php\/corporate\/","title":{"rendered":"Corporate"},"content":{"rendered":"\n<div style=\"height:171px\" aria-hidden=\"true\" class=\"wp-block-spacer\"><\/div>\n\n\n\n<p class=\"has-primary-color has-text-color has-link-color has-labrada-font-family wp-elements-deb6397747f4ab7651b7bda0c4e8a2a9\" style=\"border-style:none;border-width:0px;margin-top:var(--wp--preset--spacing--30);margin-bottom:0;margin-left:0;padding-top:0;padding-bottom:0;padding-left:0;font-size:clamp(14px, 0.875rem + ((1vw - 3.2px) * 0.227), 16px);\">corporate<\/p>\n\n\n\n<hr class=\"wp-block-separator has-alpha-channel-opacity\"\/>\n\n\n\n<div class=\"wp-block-columns has-labrada-font-family has-small-font-size is-layout-flex wp-container-core-columns-is-layout-629c1351 wp-block-columns-is-layout-flex\" style=\"border-style:none;border-width:0px;border-radius:0px;margin-top:var(--wp--preset--spacing--60);margin-bottom:var(--wp--preset--spacing--60);padding-top:0;padding-right:0;padding-bottom:0;padding-left:0;font-style:normal;font-weight:300;line-height:1.4;text-transform:capitalize;box-shadow:none\">\n<div class=\"wp-block-column has-commissioner-font-family is-layout-flow wp-block-column-is-layout-flow\" style=\"flex-basis:33.33%\">\n<p class=\"has-primary-color has-text-color has-link-color has-labrada-font-family wp-elements-56288b1b71b9c705b347603db489d2a4\" style=\"border-style:none;border-width:0px;border-radius:0px;margin-top:0;margin-right:0;margin-bottom:0;margin-left:0;padding-top:0;padding-right:0;padding-bottom:0;font-size:0.8rem;line-height:1.2\">Prod : MOOOVY<\/p>\n\n\n\n<p class=\"has-primary-color has-text-color has-link-color has-labrada-font-family wp-elements-062e09ea7508232001c387253f959e22\" style=\"border-style:none;border-width:0px;border-radius:0px;margin-top:0;margin-right:0;margin-bottom:0;margin-left:0;padding-top:0;padding-right:0;padding-bottom:0;font-size:0.8rem;line-height:1.2\">Ref : TRENKER \/ Nivelles<\/p>\n\n\n\n<p class=\"has-primary-color has-text-color has-link-color has-labrada-font-family wp-elements-30b37d46082cd688ef465f2f4c1cbacd\" style=\"border-style:none;border-width:0px;border-radius:0px;margin-top:0;margin-right:0;margin-bottom:0;margin-left:0;padding-top:0;padding-right:0;padding-bottom:0;font-size:0.8rem;line-height:1.2\">R\u00e9al : Yves Larivi\u00e8rre<\/p>\n\n\n\n<p class=\"has-primary-color has-text-color has-link-color has-labrada-font-family wp-elements-6c6bc48f7f317d40a69d31e11c70ed82\" style=\"border-style:none;border-width:0px;border-radius:0px;margin-top:0;margin-right:0;margin-bottom:0;margin-left:0;padding-top:0;padding-right:0;padding-bottom:0;font-size:0.8rem;line-height:1.2\">Client : TRENKER<\/p>\n\n\n\n<p class=\"has-primary-color has-text-color has-link-color has-labrada-font-family wp-elements-5d1030f4905442b352ad369d02877d0a\" style=\"border-style:none;border-width:0px;border-radius:0px;margin-top:0;margin-right:0;margin-bottom:0;margin-left:0;padding-top:0;padding-right:0;padding-bottom:0;font-size:0.8rem;line-height:1.2\"><\/p>\n<\/div>\n\n\n\n<div class=\"wp-block-column is-content-justification-left is-layout-constrained wp-container-core-column-is-layout-c4d06299 wp-block-column-is-layout-constrained\" style=\"flex-basis:66.66%\">\n<figure class=\"wp-block-image size-large\"><img decoding=\"async\" src=\"https:\/\/francoiszeegers.wordpress.com\/wp-content\/uploads\/2025\/03\/trenker.jpg?w=1024\" alt=\"\" class=\"wp-image-657\"\/><\/figure>\n<\/div>\n<\/div>\n\n\n\n<div class=\"wp-block-columns has-labrada-font-family has-small-font-size is-layout-flex wp-container-core-columns-is-layout-629c1351 wp-block-columns-is-layout-flex\" style=\"border-style:none;border-width:0px;border-radius:0px;margin-top:var(--wp--preset--spacing--60);margin-bottom:var(--wp--preset--spacing--60);padding-top:0;padding-right:0;padding-bottom:0;padding-left:0;font-style:normal;font-weight:300;line-height:1.4;text-transform:capitalize;box-shadow:none\">\n<div class=\"wp-block-column has-commissioner-font-family is-layout-flow wp-block-column-is-layout-flow\" style=\"flex-basis:33.33%\">\n<p class=\"has-primary-color has-text-color has-link-color has-labrada-font-family wp-elements-56288b1b71b9c705b347603db489d2a4\" style=\"border-style:none;border-width:0px;border-radius:0px;margin-top:0;margin-right:0;margin-bottom:0;margin-left:0;padding-top:0;padding-right:0;padding-bottom:0;font-size:0.8rem;line-height:1.2\">Prod : MOOOVY<\/p>\n\n\n\n<p class=\"has-primary-color has-text-color has-link-color has-labrada-font-family wp-elements-51a54e735bde343f263ab3e7a58ee50d\" style=\"border-style:none;border-width:0px;border-radius:0px;margin-top:0;margin-right:0;margin-bottom:0;margin-left:0;padding-top:0;padding-right:0;padding-bottom:0;font-size:0.8rem;line-height:1.2\">Ref : GLS<\/p>\n\n\n\n<p class=\"has-primary-color has-text-color has-link-color has-labrada-font-family wp-elements-30b37d46082cd688ef465f2f4c1cbacd\" style=\"border-style:none;border-width:0px;border-radius:0px;margin-top:0;margin-right:0;margin-bottom:0;margin-left:0;padding-top:0;padding-right:0;padding-bottom:0;font-size:0.8rem;line-height:1.2\">R\u00e9al : Yves Larivi\u00e8rre<\/p>\n\n\n\n<p class=\"has-primary-color has-text-color has-link-color has-labrada-font-family wp-elements-af3d85ba903959a76dbf725bfb78da7b\" style=\"border-style:none;border-width:0px;border-radius:0px;margin-top:0;margin-right:0;margin-bottom:0;margin-left:0;padding-top:0;padding-right:0;padding-bottom:0;font-size:0.8rem;line-height:1.2\">Client : GLS<\/p>\n\n\n\n<p class=\"has-primary-color has-text-color has-link-color has-labrada-font-family wp-elements-5d1030f4905442b352ad369d02877d0a\" style=\"border-style:none;border-width:0px;border-radius:0px;margin-top:0;margin-right:0;margin-bottom:0;margin-left:0;padding-top:0;padding-right:0;padding-bottom:0;font-size:0.8rem;line-height:1.2\"><\/p>\n<\/div>\n\n\n\n<div class=\"wp-block-column is-content-justification-left is-layout-constrained wp-container-core-column-is-layout-c4d06299 wp-block-column-is-layout-constrained\" style=\"flex-basis:66.66%\">\n<figure class=\"wp-block-image size-large\"><img decoding=\"async\" src=\"https:\/\/francoiszeegers.wordpress.com\/wp-content\/uploads\/2025\/03\/capture-decran-2025-03-17-a-15.33.50-1.jpg?w=1024\" alt=\"\" class=\"wp-image-684\"\/><\/figure>\n<\/div>\n<\/div>\n\n\n\n<div class=\"wp-block-columns has-labrada-font-family has-small-font-size is-layout-flex wp-container-core-columns-is-layout-629c1351 wp-block-columns-is-layout-flex\" style=\"border-style:none;border-width:0px;border-radius:0px;margin-top:var(--wp--preset--spacing--60);margin-bottom:var(--wp--preset--spacing--60);padding-top:0;padding-right:0;padding-bottom:0;padding-left:0;font-style:normal;font-weight:300;line-height:1.4;text-transform:capitalize;box-shadow:none\">\n<div class=\"wp-block-column has-commissioner-font-family is-layout-flow wp-block-column-is-layout-flow\" style=\"flex-basis:33.33%\">\n<p class=\"has-primary-color has-text-color has-link-color has-labrada-font-family wp-elements-56288b1b71b9c705b347603db489d2a4\" style=\"border-style:none;border-width:0px;border-radius:0px;margin-top:0;margin-right:0;margin-bottom:0;margin-left:0;padding-top:0;padding-right:0;padding-bottom:0;font-size:0.8rem;line-height:1.2\">Prod : MOOOVY<\/p>\n\n\n\n<p class=\"has-primary-color has-text-color has-link-color has-labrada-font-family wp-elements-75953f9ed365a15d5f9a7a43f771e6a7\" style=\"border-style:none;border-width:0px;border-radius:0px;margin-top:0;margin-right:0;margin-bottom:0;margin-left:0;padding-top:0;padding-right:0;padding-bottom:0;font-size:0.8rem;line-height:1.2\">Ref : IBA \/ USA<\/p>\n\n\n\n<p class=\"has-primary-color has-text-color has-link-color has-labrada-font-family wp-elements-30b37d46082cd688ef465f2f4c1cbacd\" style=\"border-style:none;border-width:0px;border-radius:0px;margin-top:0;margin-right:0;margin-bottom:0;margin-left:0;padding-top:0;padding-right:0;padding-bottom:0;font-size:0.8rem;line-height:1.2\">R\u00e9al : Yves Larivi\u00e8rre<\/p>\n\n\n\n<p class=\"has-primary-color has-text-color has-link-color has-labrada-font-family wp-elements-cf1d9467ac0cbd3427db5c4330e64c13\" style=\"border-style:none;border-width:0px;border-radius:0px;margin-top:0;margin-right:0;margin-bottom:0;margin-left:0;padding-top:0;padding-right:0;padding-bottom:0;font-size:0.8rem;line-height:1.2\">Client : IBA<\/p>\n\n\n\n<p class=\"has-primary-color has-text-color has-link-color has-labrada-font-family wp-elements-5d1030f4905442b352ad369d02877d0a\" style=\"border-style:none;border-width:0px;border-radius:0px;margin-top:0;margin-right:0;margin-bottom:0;margin-left:0;padding-top:0;padding-right:0;padding-bottom:0;font-size:0.8rem;line-height:1.2\"><\/p>\n<\/div>\n\n\n\n<div class=\"wp-block-column is-content-justification-left is-layout-constrained wp-container-core-column-is-layout-c4d06299 wp-block-column-is-layout-constrained\" style=\"flex-basis:66.66%\">\n<figure class=\"wp-block-image size-full\"><img decoding=\"async\" src=\"https:\/\/francoiszeegers.wordpress.com\/wp-content\/uploads\/2025\/03\/iba-proteus-usa.jpg\" alt=\"\" class=\"wp-image-662\"\/><\/figure>\n<\/div>\n<\/div>\n\n\n\n<div class=\"wp-block-columns has-labrada-font-family has-small-font-size is-layout-flex wp-container-core-columns-is-layout-629c1351 wp-block-columns-is-layout-flex\" style=\"border-style:none;border-width:0px;border-radius:0px;margin-top:var(--wp--preset--spacing--60);margin-bottom:var(--wp--preset--spacing--60);padding-top:0;padding-right:0;padding-bottom:0;padding-left:0;font-style:normal;font-weight:300;line-height:1.4;text-transform:capitalize;box-shadow:none\">\n<div class=\"wp-block-column has-commissioner-font-family is-layout-flow wp-block-column-is-layout-flow\" style=\"flex-basis:33.33%\">\n<p class=\"has-primary-color has-text-color has-link-color has-labrada-font-family wp-elements-56288b1b71b9c705b347603db489d2a4\" style=\"border-style:none;border-width:0px;border-radius:0px;margin-top:0;margin-right:0;margin-bottom:0;margin-left:0;padding-top:0;padding-right:0;padding-bottom:0;font-size:0.8rem;line-height:1.2\">Prod : MOOOVY<\/p>\n\n\n\n<p class=\"has-primary-color has-text-color has-link-color has-labrada-font-family wp-elements-7e810dd19b56d74f3111db0a6d25ff16\" style=\"border-style:none;border-width:0px;border-radius:0px;margin-top:0;margin-right:0;margin-bottom:0;margin-left:0;padding-top:0;padding-right:0;padding-bottom:0;font-size:0.8rem;line-height:1.2\">Ref : PHARMATECH<\/p>\n\n\n\n<p class=\"has-primary-color has-text-color has-link-color has-labrada-font-family wp-elements-30b37d46082cd688ef465f2f4c1cbacd\" style=\"border-style:none;border-width:0px;border-radius:0px;margin-top:0;margin-right:0;margin-bottom:0;margin-left:0;padding-top:0;padding-right:0;padding-bottom:0;font-size:0.8rem;line-height:1.2\">R\u00e9al : Yves Larivi\u00e8rre<\/p>\n\n\n\n<p class=\"has-primary-color has-text-color has-link-color has-labrada-font-family wp-elements-d7062eed0ba91883bc58037781d3c62d\" style=\"border-style:none;border-width:0px;border-radius:0px;margin-top:0;margin-right:0;margin-bottom:0;margin-left:0;padding-top:0;padding-right:0;padding-bottom:0;font-size:0.8rem;line-height:1.2\">Client : PHARMATECH<\/p>\n\n\n\n<p class=\"has-primary-color has-text-color has-link-color has-labrada-font-family wp-elements-5d1030f4905442b352ad369d02877d0a\" style=\"border-style:none;border-width:0px;border-radius:0px;margin-top:0;margin-right:0;margin-bottom:0;margin-left:0;padding-top:0;padding-right:0;padding-bottom:0;font-size:0.8rem;line-height:1.2\"><\/p>\n<\/div>\n\n\n\n<div class=\"wp-block-column is-content-justification-left is-layout-constrained wp-container-core-column-is-layout-c4d06299 wp-block-column-is-layout-constrained\" style=\"flex-basis:66.66%\">\n<figure class=\"wp-block-image size-large\"><img decoding=\"async\" src=\"https:\/\/francoiszeegers.wordpress.com\/wp-content\/uploads\/2025\/03\/capture-decran-2025-03-17-a-17.41.53.jpg?w=1024\" alt=\"\" class=\"wp-image-692\"\/><\/figure>\n<\/div>\n<\/div>\n\n\n\n<p><\/p>\n","protected":false},"excerpt":{"rendered":"<p>corporate Prod : MOOOVY Ref : TRENKER \/ Nivelles R\u00e9al : Yves Larivi\u00e8rre Client : TRENKER Prod : MOOOVY Ref : GLS R\u00e9al : Yves Larivi\u00e8rre Client : GLS Prod : MOOOVY Ref : IBA \/ USA R\u00e9al : Yves Larivi\u00e8rre Client : IBA Prod : MOOOVY Ref : PHARMATECH R\u00e9al : Yves Larivi\u00e8rre Client [&hellip;]<\/p>\n","protected":false},"author":1,"featured_media":806,"parent":0,"menu_order":0,"comment_status":"closed","ping_status":"closed","template":"","meta":{"footnotes":""},"class_list":["post-898","page","type-page","status-publish","has-post-thumbnail","hentry"],"_links":{"self":[{"href":"https:\/\/zelight.be\/index.php\/wp-json\/wp\/v2\/pages\/898","targetHints":{"allow":["GET"]}}],"collection":[{"href":"https:\/\/zelight.be\/index.php\/wp-json\/wp\/v2\/pages"}],"about":[{"href":"https:\/\/zelight.be\/index.php\/wp-json\/wp\/v2\/types\/page"}],"author":[{"embeddable":true,"href":"https:\/\/zelight.be\/index.php\/wp-json\/wp\/v2\/users\/1"}],"replies":[{"embeddable":true,"href":"https:\/\/zelight.be\/index.php\/wp-json\/wp\/v2\/comments?post=898"}],"version-history":[{"count":5,"href":"https:\/\/zelight.be\/index.php\/wp-json\/wp\/v2\/pages\/898\/revisions"}],"predecessor-version":[{"id":1945,"href":"https:\/\/zelight.be\/index.php\/wp-json\/wp\/v2\/pages\/898\/revisions\/1945"}],"wp:featuredmedia":[{"embeddable":true,"href":"https:\/\/zelight.be\/index.php\/wp-json\/wp\/v2\/media\/806"}],"wp:attachment":[{"href":"https:\/\/zelight.be\/index.php\/wp-json\/wp\/v2\/media?parent=898"}],"curies":[{"name":"wp","href":"https:\/\/api.w.org\/{rel}","templated":true}]}}