{"id":904,"date":"2025-03-18T23:08:29","date_gmt":"2025-03-18T22:08:29","guid":{"rendered":"https:\/\/zelight.be\/?page_id=904"},"modified":"2025-04-06T11:24:40","modified_gmt":"2025-04-06T09:24:40","slug":"divers","status":"publish","type":"page","link":"https:\/\/zelight.be\/index.php\/divers\/","title":{"rendered":"Divers"},"content":{"rendered":"\n<p><\/p>\n\n\n\n<p>Recent works<\/p>\n\n\n\n<div style=\"height:171px\" aria-hidden=\"true\" class=\"wp-block-spacer\"><\/div>\n\n\n\n<p class=\"has-primary-color has-text-color has-link-color has-labrada-font-family wp-elements-1b284b04ef9f52046f31269c39b84dec\" style=\"border-style:none;border-width:0px;margin-top:var(--wp--preset--spacing--30);margin-bottom:0;margin-left:0;padding-top:0;padding-bottom:0;padding-left:0;font-size:clamp(14px, 0.875rem + ((1vw - 3.2px) * 0.227), 16px);\">divers<\/p>\n\n\n\n<hr class=\"wp-block-separator has-alpha-channel-opacity\"\/>\n\n\n\n<div class=\"wp-block-columns has-labrada-font-family has-small-font-size is-layout-flex wp-container-core-columns-is-layout-629c1351 wp-block-columns-is-layout-flex\" style=\"border-style:none;border-width:0px;border-radius:0px;margin-top:var(--wp--preset--spacing--60);margin-bottom:var(--wp--preset--spacing--60);padding-top:0;padding-right:0;padding-bottom:0;padding-left:0;font-style:normal;font-weight:300;line-height:1.4;text-transform:capitalize;box-shadow:none\">\n<div class=\"wp-block-column has-commissioner-font-family is-layout-flow wp-block-column-is-layout-flow\" style=\"flex-basis:33.33%\">\n<p class=\"has-primary-color has-text-color has-link-color has-labrada-font-family wp-elements-0e4724a088f98d5f214f46d26b7791ce\" style=\"border-style:none;border-width:0px;border-radius:0px;margin-top:0;margin-right:0;margin-bottom:0;margin-left:0;padding-top:0;padding-right:0;padding-bottom:0;font-size:0.8rem;line-height:1.2\">Prod : kascen<\/p>\n\n\n\n<p class=\"has-primary-color has-text-color has-link-color has-labrada-font-family wp-elements-501bae8e1f711e1cadb7261e46aebb57\" style=\"border-style:none;border-width:0px;border-radius:0px;margin-top:0;margin-right:0;margin-bottom:0;margin-left:0;padding-top:0;padding-right:0;padding-bottom:0;font-size:0.8rem;line-height:1.2\">genre : mus\u00e9ologie<\/p>\n\n\n\n<p class=\"has-primary-color has-text-color has-link-color has-labrada-font-family wp-elements-f786d0a32c3777eba29048c0496b2b35\" style=\"border-style:none;border-width:0px;border-radius:0px;margin-top:0;margin-right:0;margin-bottom:0;margin-left:0;padding-top:0;padding-right:0;padding-bottom:0;font-size:0.8rem;line-height:1.2\">Ref : bouillon m\u00e9di\u00e9val exp\u00e9rience<\/p>\n\n\n\n<p class=\"has-primary-color has-text-color has-link-color has-labrada-font-family wp-elements-6a96eb8cff44276f4bc4d99f5382185f\" style=\"border-style:none;border-width:0px;border-radius:0px;margin-top:0;margin-right:0;margin-bottom:0;margin-left:0;padding-top:0;padding-right:0;padding-bottom:0;font-size:0.8rem;line-height:1.2\">R\u00e9al : luc petit &amp; Frederic Decoux<\/p>\n\n\n\n<p class=\"has-primary-color has-text-color has-link-color has-labrada-font-family wp-elements-9c4f6e658e1c9678cdb4b48579546b64\" style=\"border-style:none;border-width:0px;border-radius:0px;margin-top:0;margin-right:0;margin-bottom:0;margin-left:0;padding-top:0;padding-right:0;padding-bottom:0;font-size:0.8rem;line-height:1.2\">Client : mus\u00e9e bouillon<\/p>\n\n\n\n<p class=\"has-primary-color has-text-color has-link-color has-labrada-font-family wp-elements-92d400a23f35fe4849756070cc64cbf7\" style=\"border-style:none;border-width:0px;border-radius:0px;margin-top:0;margin-right:0;margin-bottom:0;margin-left:0;padding-top:0;padding-right:0;padding-bottom:0;font-size:clamp(0.875rem, 0.875rem + ((1vw - 0.2rem) * 0.045), 0.9rem);line-height:1.2\"><\/p>\n<\/div>\n\n\n\n<div class=\"wp-block-column is-content-justification-left is-layout-constrained wp-container-core-column-is-layout-c4d06299 wp-block-column-is-layout-constrained\" style=\"flex-basis:66.66%\">\n<figure class=\"wp-block-image size-large\"><img loading=\"lazy\" decoding=\"async\" width=\"1024\" height=\"554\" src=\"https:\/\/zelight.be\/wp-content\/uploads\/2025\/03\/capture-decran-2025-03-14-a-18.30.47-1024x554.jpg\" alt=\"\" class=\"wp-image-815\" srcset=\"https:\/\/zelight.be\/wp-content\/uploads\/2025\/03\/capture-decran-2025-03-14-a-18.30.47-1024x554.jpg 1024w, https:\/\/zelight.be\/wp-content\/uploads\/2025\/03\/capture-decran-2025-03-14-a-18.30.47-300x162.jpg 300w, https:\/\/zelight.be\/wp-content\/uploads\/2025\/03\/capture-decran-2025-03-14-a-18.30.47-768x416.jpg 768w, https:\/\/zelight.be\/wp-content\/uploads\/2025\/03\/capture-decran-2025-03-14-a-18.30.47-1536x832.jpg 1536w, https:\/\/zelight.be\/wp-content\/uploads\/2025\/03\/capture-decran-2025-03-14-a-18.30.47-2048x1109.jpg 2048w\" sizes=\"auto, (max-width: 1024px) 100vw, 1024px\" \/><\/figure>\n<\/div>\n<\/div>\n\n\n\n<div class=\"wp-block-columns has-labrada-font-family has-small-font-size is-layout-flex wp-container-core-columns-is-layout-629c1351 wp-block-columns-is-layout-flex\" style=\"border-style:none;border-width:0px;border-radius:0px;margin-top:var(--wp--preset--spacing--60);margin-bottom:var(--wp--preset--spacing--60);padding-top:0;padding-right:0;padding-bottom:0;padding-left:0;font-style:normal;font-weight:300;line-height:1.4;text-transform:capitalize;box-shadow:none\">\n<div class=\"wp-block-column has-commissioner-font-family is-layout-flow wp-block-column-is-layout-flow\" style=\"flex-basis:33.33%\">\n<p class=\"has-primary-color has-text-color has-link-color has-labrada-font-family wp-elements-bb10dc7933ad190339bfb9fe87cfab44\" style=\"border-style:none;border-width:0px;border-radius:0px;margin-top:0;margin-right:0;margin-bottom:0;margin-left:0;padding-top:0;padding-right:0;padding-bottom:0;font-size:0.8rem;line-height:1.2\">Prod : FREELENS \/ Luxembourg<\/p>\n\n\n\n<p class=\"has-primary-color has-text-color has-link-color has-labrada-font-family wp-elements-5504072e5286a1d9043fd0d54d005830\" style=\"border-style:none;border-width:0px;border-radius:0px;margin-top:0;margin-right:0;margin-bottom:0;margin-left:0;padding-top:0;padding-right:0;padding-bottom:0;font-size:0.8rem;line-height:1.2\">genre : d\u00e9fil\u00e9 mode<\/p>\n\n\n\n<p class=\"has-primary-color has-text-color has-link-color has-labrada-font-family wp-elements-1951f4438254daff8f57f82b14742544\" style=\"border-style:none;border-width:0px;border-radius:0px;margin-top:0;margin-right:0;margin-bottom:0;margin-left:0;padding-top:0;padding-right:0;padding-bottom:0;font-size:0.8rem;line-height:1.2\">Ref : D\u00e9fil\u00e9 CHAUSSEA \/ Paris<\/p>\n\n\n\n<p class=\"has-primary-color has-text-color has-link-color has-labrada-font-family wp-elements-2fb5d7edd78c0221646989aa4983e05c\" style=\"border-style:none;border-width:0px;border-radius:0px;margin-top:0;margin-right:0;margin-bottom:0;margin-left:0;padding-top:0;padding-right:0;padding-bottom:0;font-size:0.8rem;line-height:1.2\">R\u00e9al : C\u00e9dric B\u00e9ringuier<\/p>\n\n\n\n<p class=\"has-primary-color has-text-color has-link-color has-labrada-font-family wp-elements-03c0d810ff4fbfe648229ffa9446c414\" style=\"border-style:none;border-width:0px;border-radius:0px;margin-top:0;margin-right:0;margin-bottom:0;margin-left:0;padding-top:0;padding-right:0;padding-bottom:0;font-size:0.8rem;line-height:1.2\">Client : CHAUSSEA<\/p>\n\n\n\n<p class=\"has-primary-color has-text-color has-link-color has-labrada-font-family wp-elements-5d1030f4905442b352ad369d02877d0a\" style=\"border-style:none;border-width:0px;border-radius:0px;margin-top:0;margin-right:0;margin-bottom:0;margin-left:0;padding-top:0;padding-right:0;padding-bottom:0;font-size:0.8rem;line-height:1.2\"><\/p>\n<\/div>\n\n\n\n<div class=\"wp-block-column is-content-justification-left is-layout-constrained wp-container-core-column-is-layout-c4d06299 wp-block-column-is-layout-constrained\" style=\"flex-basis:66.66%\">\n<figure class=\"wp-block-image size-large\"><img decoding=\"async\" src=\"https:\/\/francoiszeegers.wordpress.com\/wp-content\/uploads\/2025\/03\/dscf1360.jpg?w=1024\" alt=\"\" class=\"wp-image-579\"\/><\/figure>\n<\/div>\n<\/div>\n\n\n\n<div class=\"wp-block-columns has-labrada-font-family has-small-font-size is-layout-flex wp-container-core-columns-is-layout-629c1351 wp-block-columns-is-layout-flex\" style=\"border-style:none;border-width:0px;border-radius:0px;margin-top:var(--wp--preset--spacing--60);margin-bottom:var(--wp--preset--spacing--60);padding-top:0;padding-right:0;padding-bottom:0;padding-left:0;font-style:normal;font-weight:300;line-height:1.4;text-transform:capitalize;box-shadow:none\">\n<div class=\"wp-block-column has-commissioner-font-family is-layout-flow wp-block-column-is-layout-flow\" style=\"flex-basis:33.33%\">\n<p class=\"has-primary-color has-text-color has-link-color has-labrada-font-family wp-elements-7654a8bed9ad1ad0ce226582367fb0af\" style=\"border-style:none;border-width:0px;border-radius:0px;margin-top:0;margin-right:0;margin-bottom:0;margin-left:0;padding-top:0;padding-right:0;padding-bottom:0;font-size:0.8rem;line-height:1.2\">Prod : BYZANCE FIMS<\/p>\n\n\n\n<p class=\"has-primary-color has-text-color has-link-color has-labrada-font-family wp-elements-49f0d4ad942f422ccd469b584cb38689\" style=\"border-style:none;border-width:0px;border-radius:0px;margin-top:0;margin-right:0;margin-bottom:0;margin-left:0;padding-top:0;padding-right:0;padding-bottom:0;font-size:0.8rem;line-height:1.2\">genre : docu<\/p>\n\n\n\n<p class=\"has-primary-color has-text-color has-link-color has-labrada-font-family wp-elements-383207faea6e2b7fcdfdbac75e10652f\" style=\"border-style:none;border-width:0px;border-radius:0px;margin-top:0;margin-right:0;margin-bottom:0;margin-left:0;padding-top:0;padding-right:0;padding-bottom:0;font-size:0.8rem;line-height:1.2\">Ref : Voyage sous la terre<\/p>\n\n\n\n<p class=\"has-primary-color has-text-color has-link-color has-labrada-font-family wp-elements-2620b074a714a3114317a2b7dfb6b007\" style=\"border-style:none;border-width:0px;border-radius:0px;margin-top:0;margin-right:0;margin-bottom:0;margin-left:0;padding-top:0;padding-right:0;padding-bottom:0;font-size:0.8rem;line-height:1.2\">R\u00e9al : Philippe Axel<\/p>\n\n\n\n<p class=\"has-primary-color has-text-color has-link-color has-labrada-font-family wp-elements-88e217663a4ae9cf02ae0e6ad039d406\" style=\"border-style:none;border-width:0px;border-radius:0px;margin-top:0;margin-right:0;margin-bottom:0;margin-left:0;padding-top:0;padding-right:0;padding-bottom:0;font-size:0.8rem;line-height:1.2\">Client : ARTE<\/p>\n\n\n\n<p class=\"has-primary-color has-text-color has-link-color has-labrada-font-family wp-elements-5d1030f4905442b352ad369d02877d0a\" style=\"border-style:none;border-width:0px;border-radius:0px;margin-top:0;margin-right:0;margin-bottom:0;margin-left:0;padding-top:0;padding-right:0;padding-bottom:0;font-size:0.8rem;line-height:1.2\"><\/p>\n<\/div>\n\n\n\n<div class=\"wp-block-column is-content-justification-left is-layout-constrained wp-container-core-column-is-layout-c4d06299 wp-block-column-is-layout-constrained\" style=\"flex-basis:66.66%\">\n<figure class=\"wp-block-image size-full\"><img decoding=\"async\" src=\"https:\/\/francoiszeegers.wordpress.com\/wp-content\/uploads\/2025\/03\/tajmahal.jpg\" alt=\"\" class=\"wp-image-139\"\/><\/figure>\n<\/div>\n<\/div>\n\n\n\n<p><\/p>\n","protected":false},"excerpt":{"rendered":"<p>Recent works divers Prod : kascen genre : mus\u00e9ologie Ref : bouillon m\u00e9di\u00e9val exp\u00e9rience R\u00e9al : luc petit &amp; Frederic Decoux Client : mus\u00e9e bouillon Prod : FREELENS \/ Luxembourg genre : d\u00e9fil\u00e9 mode Ref : D\u00e9fil\u00e9 CHAUSSEA \/ Paris R\u00e9al : C\u00e9dric B\u00e9ringuier Client : CHAUSSEA Prod : BYZANCE FIMS genre : docu Ref [&hellip;]<\/p>\n","protected":false},"author":1,"featured_media":0,"parent":0,"menu_order":0,"comment_status":"closed","ping_status":"closed","template":"","meta":{"footnotes":""},"class_list":["post-904","page","type-page","status-publish","hentry"],"_links":{"self":[{"href":"https:\/\/zelight.be\/index.php\/wp-json\/wp\/v2\/pages\/904","targetHints":{"allow":["GET"]}}],"collection":[{"href":"https:\/\/zelight.be\/index.php\/wp-json\/wp\/v2\/pages"}],"about":[{"href":"https:\/\/zelight.be\/index.php\/wp-json\/wp\/v2\/types\/page"}],"author":[{"embeddable":true,"href":"https:\/\/zelight.be\/index.php\/wp-json\/wp\/v2\/users\/1"}],"replies":[{"embeddable":true,"href":"https:\/\/zelight.be\/index.php\/wp-json\/wp\/v2\/comments?post=904"}],"version-history":[{"count":12,"href":"https:\/\/zelight.be\/index.php\/wp-json\/wp\/v2\/pages\/904\/revisions"}],"predecessor-version":[{"id":1946,"href":"https:\/\/zelight.be\/index.php\/wp-json\/wp\/v2\/pages\/904\/revisions\/1946"}],"wp:attachment":[{"href":"https:\/\/zelight.be\/index.php\/wp-json\/wp\/v2\/media?parent=904"}],"curies":[{"name":"wp","href":"https:\/\/api.w.org\/{rel}","templated":true}]}}